{"id":2121,"date":"2025-07-15T09:00:00","date_gmt":"2025-07-15T07:00:00","guid":{"rendered":"https:\/\/www.kebabplus.ch\/?page_id=2121"},"modified":"2025-10-29T18:00:00","modified_gmt":"2025-10-29T17:00:00","slug":"journee-de-formation-2025","status":"publish","type":"page","link":"https:\/\/www.kebabplus.ch\/fr\/journee-de-formation-2025\/","title":{"rendered":"SE D\u00c9TENDRE &#8211; cr\u00e9er des espaces pour souffler et bouger"},"content":{"rendered":"\n<p><strong>Journ\u00e9e de formation Kebab+ et atelier She Moves, en collaboration avec le GLAJ-Vaud<\/strong><\/p>\n\n\n\n<p><\/p>\n\n\n\n<p><em>Jeudi 4 decembre 2025, 9h \u00e0 17h, P\u00f4le Sud, Av. Jean-Jacques Mercier 3, Lausanne<\/em><\/p>\n\n\n\n<p><\/p>\n\n\n\n<p>Une journ\u00e9e d\u00e9di\u00e9e \u00e0 la sant\u00e9 et au bien-\u00eatre dans l\u2019animation socioculturelle enfance et jeunesse. Le matin, Kebab+ explore la sant\u00e9 mentale au travail avec ateliers pratiques, \u00e9changes et remise du Kebab+ Award. L\u2019apr\u00e8s-midi, She Moves met l\u2019accent sur le mouvement, la confiance et la participation des filles* et jeunes femmes*, \u00e0 travers des ateliers inspirants.<\/p>\n\n\n\n<p> <\/p>\n\n\n\n<h2 class=\"wp-block-heading\">Programme <\/h2>\n\n\n\n<p><strong>Matin \u2013 Kebab+ : Sant\u00e9 mentale dans l\u2019ASC<\/strong><\/p>\n\n\n\n<ul>\n<li><strong>9h00<\/strong> Arriv\u00e9e, caf\u00e9 -croissants<\/li>\n\n\n\n<li><strong>9h30<\/strong> Mot de bienvenue \u2013 Amelie Sterchi, responsable de projet promotion de l&rsquo;enfance et de la jeunesse AFAJ<\/li>\n\n\n\n<li><strong>9h40<\/strong> La sant\u00e9 mentale comme ressource dans l\u2019ASC enfance et jeunesse<br><em>Alexia Fournier Fall, Sant\u00e9psy<\/em><br>La cr\u00e9ation d\u2019un cadre favorable \u00e0 la sant\u00e9 mentale des jeunes et des professionnel\u00b7le\u00b7s dans le contexte institutionnel sera abord\u00e9e. Des outils concrets pour g\u00e9rer le stress seront pr\u00e9sent\u00e9s.<\/li>\n\n\n\n<li><strong>10h20<\/strong> Pause, mise en r\u00e9seau<\/li>\n\n\n\n<li><strong>10h40<\/strong> Remise de l\u2019Award Kebab+<\/li>\n\n\n\n<li><strong>11h00 \u2013 12h15<\/strong> Ateliers (choisir entre)<br>\n<ol type=\"1\" start=\"1\">\n<li><strong>Mobiliser ses ressources internes \u2013 plus de l\u00e9g\u00e8ret\u00e9 au quotidien<\/strong><br><em>Amelie Sterchi, responsable de projet AFAJ et enseignante de yoga &amp; Lauren Walder, art-th\u00e9rapeute<\/em><br>Temps d\u2019exploration personnelle : exercices corporels simples et outils cr\u00e9atifs pour identifier tensions et ressources internes. Approche transf\u00e9rable dans la pratique professionnelle quotidienne.<br><\/li>\n\n\n\n<li><strong>Concevoir des espaces de d\u00e9tente \u2013 id\u00e9es cr\u00e9atives pour les lieux de rencontre<\/strong><br><em>Jeanne W\u00e9ry, architecte et urbaniste<\/em><br>Comment cr\u00e9er des lieux o\u00f9 enfants, jeunes et professionnel\u00b7le\u00b7s peuvent se ressourcer. \u00c9changes et exemples pratiques pour concevoir et planifier des projets concrets.<\/li>\n<\/ol>\n<\/li>\n<\/ul>\n\n\n\n<ul>\n<li><strong>12:15 -13&nbsp;:15&nbsp;: Repas v\u00e9g\u00e9tarien (offert)<\/strong><\/li>\n<\/ul>\n\n\n\n<p><strong>Apr\u00e8s-midi \u2013 She Moves : Mouvement et participation des jeunes femmes<\/strong>*<\/p>\n\n\n\n<ul>\n<li><strong>13h15<\/strong> Arriv\u00e9e, caf\u00e9<\/li>\n\n\n\n<li><strong>13h45<\/strong> Accueil et br\u00e8ve pr\u00e9sentation de She Moves \u2013 Am\u00e9lie Sterchi, AFAJ<\/li>\n\n\n\n<li><strong>14h00 \u2013 15h30<\/strong> Ateliers (choisir entre)<br>\n<ol type=\"1\" start=\"1\">\n<li><strong>Self-d\u00e9fense pour femmes<\/strong>* <em>(r\u00e9serv\u00e9 aux professionnelles*)<\/em><br><em>Martial Vout, La T\u00eate en l\u2019Air<\/em><br>Approche instinctive de la d\u00e9fense personnelle adapt\u00e9e aux femmes* et \u00e0 leurs besoins. Techniques de dissuasion et prise de confiance, sans cadre sportif ou martial traditionnel.<br><\/li>\n\n\n\n<li><strong>Genre et mouvement : regards crois\u00e9s sur l\u2019escalade et l\u2019ASC<\/strong><br><em>Anouk Piola, TOTEM<\/em><br>Partage d\u2019exp\u00e9rience pour d\u00e9velopper des activit\u00e9s adapt\u00e9es aux jeunes femmes*, au croisement du sport et de l\u2019animation socioculturelle.<\/li>\n<\/ol>\n<\/li>\n<\/ul>\n\n\n\n<ul>\n<li><strong>15h30 \u2013 15h45<\/strong> Pause et changement de salle<\/li>\n\n\n\n<li><strong>15h45 \u2013 16h30<\/strong> Et \u00e0 Lausanne ?<br>Pr\u00e9sentation des d\u00e9marches entreprises \u00e0 Lausanne pour promouvoir l\u2019activit\u00e9 physique aupr\u00e8s des filles* et des jeunes femmes* et proposer des offres qui leur correspondent. Par la Ville de Lausanne et la Fondation pour l\u2019animation socioculturelle lausannoise (FASL).<\/li>\n<\/ul>\n\n\n\n<ul>\n<li><strong>16h30 \u2013 16h40<\/strong> Questions et discussion en pl\u00e9num<\/li>\n\n\n\n<li><strong>16h45<\/strong> Conclusion \u2013 Am\u00e9lie Sterchi, AFAJ<\/li>\n\n\n\n<li><strong>17h00<\/strong> Fin<\/li>\n<\/ul>\n\n\n\n<p><\/p>\n\n\n\n<h2 class=\"wp-block-heading\">Prix<\/h2>\n\n\n\n<p>Prix normal : CHF 70.-<br>Prix pour les collaborateurs des membres et les donateurs de l\u2019AFAJ : CHF 50.-<br>(Les frais ne concernent que la matin\u00e9e, la participation \u00e0 l&rsquo;apr\u00e8s-midi est gratuite)<\/p>\n\n\n\n<p><\/p>\n\n\n\n<h2 class=\"wp-block-heading\">Lieu<\/h2>\n\n\n\n<p><a href=\"https:\/\/www.google.com\/maps\/place\/P%C3%B4le+Sud+centre+socio-+culturel+de+l'Union+Syndical\/@46.520414,6.629207,16z\/data=!3m1!4b1!4m6!3m5!1s0x478c2e2d9106f91d:0xd87c2b3434789a71!8m2!3d46.520414!4d6.629207!16s%2Fg%2F1pv1mx3jf?entry=ttu&amp;g_ep=EgoyMDI1MTAwNi4wIKXMDSoASAFQAw%3D%3D\">P\u00f4le Sud, Av. Jean-Jacques Mercier 3, 1003 Lausanne<\/a><\/p>\n\n\n\n<p><\/p>\n\n\n\n<h2 class=\"wp-block-heading\">Contact<\/h2>\n\n\n\n<p>Amelie Sterchi, responsable de projet promotion de l&rsquo;enfance et de la jeunesse, AFAJ, <a href=\"mailto:amelie.sterchi@doj.ch\">amelie.sterchi@doj.ch<\/a><\/p>\n\n\n\n<p><\/p>\n\n\n\n<p><\/p>\n\n\n\n<h2 class=\"wp-block-heading\">Inscription<\/h2>\n\n\n\n<p>Le d\u00e9lai d&rsquo;inscription est le 21 novembre 2025. Pour vous inscrire, veuillez remplir le formulaire ci-dessous.<\/p>\n\n\n\n<h2 class=\"wp-block-heading\" style=\"font-size:0px\">I<strong>nscription<\/strong>D\u00e9lai d\u2019inscription au 21 novembre 2025<\/h2>\n\n\n<p>Le d\u00e9lai d&rsquo;inscription est d\u00e9pass\u00e9. Veuillez contacter Amelie Sterchi par courriel amelie.sterchi@doj.ch<\/p>","protected":false},"excerpt":{"rendered":"<p>Journ\u00e9e de formation et de mise en r\u00e9seau sur la sant\u00e9 dans l\u2019animation socioculturelle enfance et jeunesse. En matin\u00e9e : Le programme Kebab+ propose un focus sur la d\u00e9tente. L\u2019apr\u00e8s-midi She Moves : focus sur les jeunes femmes, l\u2019espace, la confiance et le mouvement. Une journ\u00e9e pour s\u2019inspirer, renforcer ses ressources et d\u00e9couvrir des pratiques transf\u00e9rables.<\/p>\n","protected":false},"author":2,"featured_media":0,"parent":0,"menu_order":0,"comment_status":"closed","ping_status":"closed","template":"","meta":{"_et_pb_use_builder":"off","_et_pb_old_content":"<!-- wp:paragraph -->\n<p><strong>Journ\u00e9e de formation Kebab+ et atelier She Moves<\/strong><\/p>\n<!-- \/wp:paragraph -->\n\n<!-- wp:paragraph -->\n<p><\/p>\n<!-- \/wp:paragraph -->\n\n<!-- wp:paragraph -->\n<p><em>Jeudi 4 decembre 2025, 9h \u00e0 17h, Lausanne<\/em><\/p>\n<!-- \/wp:paragraph -->\n\n<!-- wp:paragraph -->\n<p><\/p>\n<!-- \/wp:paragraph -->\n\n<!-- wp:paragraph -->\n<p>La journ\u00e9e de formation de Kebab+ s'associe cette ann\u00e9e \u00e0 She Moves pour une journ\u00e9e de formation et de r\u00e9flexion d\u00e9di\u00e9e \u00e0 la sant\u00e9 dans l\u2019animation socioculturelle (ASC) enfance et jeunesse. La journ\u00e9e s\u2019adresse aux professionnel\u00b7le\u00b7s de l\u2019ASC enfance et jeunesse. La matin\u00e9e autour de Kebab+ sera consacr\u00e9e au r\u00f4le de la sant\u00e9 mentale dans les pratiques professionnelles. Une introduction au th\u00e8me, des ateliers concrets, des \u00e9changes, ainsi que la remise de l\u2019Award Kebab+ rythmeront ce moment fort de la journ\u00e9e. L\u2019apr\u00e8s-midi, l\u2019atelier She Moves mettra l\u2019accent sur le lien entre mouvement, confiance et participation des jeunes filles et femmes. Comment cr\u00e9er des espaces s\u00e9curis\u00e9s, susciter l\u2019envie de bouger, int\u00e9grer le corps et le bien-\u00eatre dans les pratiques professionnelles ? Des t\u00e9moignages, outils et projets inspirants viendront enrichir les r\u00e9flexions.<\/p>\n<!-- \/wp:paragraph -->\n\n<!-- wp:paragraph -->\n<p> <\/p>\n<!-- \/wp:paragraph -->\n\n<!-- wp:heading -->\n<h2 class=\"wp-block-heading\">Programme <\/h2>\n<!-- \/wp:heading -->\n\n<!-- wp:paragraph -->\n<p>A d\u00e9couvrir bient\u00f4t.<\/p>\n<!-- \/wp:paragraph -->\n\n<!-- wp:table -->\n<figure class=\"wp-block-table\"><table><tbody><tr><td><\/td><td><\/td><\/tr><tr><td><\/td><td><\/td><\/tr><tr><td><\/td><td><\/td><\/tr><tr><td><\/td><td><\/td><\/tr><tr><td><\/td><td><\/td><\/tr><tr><td><\/td><td><\/td><\/tr><tr><td><\/td><td><\/td><\/tr><tr><td><\/td><td><\/td><\/tr><tr><td><\/td><td><\/td><\/tr><tr><td><\/td><td><\/td><\/tr><tr><td><\/td><td><\/td><\/tr><tr><td><\/td><td><\/td><\/tr><tr><td><\/td><td><\/td><\/tr><tr><td><\/td><td><\/td><\/tr><tr><td><\/td><td><\/td><\/tr><tr><td><\/td><td><\/td><\/tr><tr><td><\/td><td><\/td><\/tr><tr><td><\/td><td><\/td><\/tr><tr><td><\/td><td><\/td><\/tr><tr><td><\/td><td><\/td><\/tr><\/tbody><\/table><\/figure>\n<!-- \/wp:table -->\n\n<!-- wp:paragraph -->\n<p><\/p>\n<!-- \/wp:paragraph -->\n\n<!-- wp:paragraph -->\n<p><\/p>\n<!-- \/wp:paragraph -->\n\n<!-- wp:heading -->\n<h2 class=\"wp-block-heading\">Prix<\/h2>\n<!-- \/wp:heading -->\n\n<!-- wp:paragraph -->\n<p>La journ\u00e9e de formation est gratuite.<\/p>\n<!-- \/wp:paragraph -->\n\n<!-- wp:paragraph -->\n<p><\/p>\n<!-- \/wp:paragraph -->\n\n<!-- wp:heading -->\n<h2 class=\"wp-block-heading\">Contact<\/h2>\n<!-- \/wp:heading -->\n\n<!-- wp:paragraph -->\n<p>Amelie Sterchi, responsable de projet promotion de l'enfance et de la jeunesse, AFAJ, <a href=\"mailto:amelie.sterchi@doj.ch\">amelie.sterchi@doj.ch<\/a><\/p>\n<!-- \/wp:paragraph -->\n\n<!-- wp:paragraph -->\n<p><\/p>\n<!-- \/wp:paragraph -->\n\n<!-- wp:paragraph -->\n<p><\/p>\n<!-- \/wp:paragraph -->\n\n<!-- wp:heading -->\n<h2 class=\"wp-block-heading\">Inscription<\/h2>\n<!-- \/wp:heading -->\n\n<!-- wp:heading {\"style\":{\"typography\":{\"fontSize\":\"0px\"}}} -->\n<h2 class=\"wp-block-heading\" style=\"font-size:0px\">I<strong>nscription<\/strong>D\u00e9lai d\u2019inscription au 21 novembre 2025<\/h2>\n<!-- \/wp:heading -->\n\n<!-- wp:gravityforms\/form {\"formId\":\"11\",\"title\":false,\"description\":false,\"inputPrimaryColor\":\"#204ce5\"} \/-->","_et_gb_content_width":"1080"},"yoast_head":"<!-- This site is optimized with the Yoast SEO plugin v20.7 - https:\/\/yoast.com\/wordpress\/plugins\/seo\/ -->\n<title>SE D\u00c9TENDRE - cr\u00e9er des espaces pour souffler et bouger - Kebabplus<\/title>\n<meta name=\"robots\" content=\"index, follow, max-snippet:-1, max-image-preview:large, max-video-preview:-1\" \/>\n<link rel=\"canonical\" href=\"https:\/\/www.kebabplus.ch\/fr\/journee-de-formation-2025\/\" \/>\n<meta property=\"og:locale\" content=\"fr_FR\" \/>\n<meta property=\"og:type\" content=\"article\" \/>\n<meta property=\"og:title\" content=\"SE D\u00c9TENDRE - cr\u00e9er des espaces pour souffler et bouger - Kebabplus\" \/>\n<meta property=\"og:description\" content=\"Journ\u00e9e de formation et de mise en r\u00e9seau sur la sant\u00e9 dans l\u2019animation socioculturelle enfance et jeunesse. En matin\u00e9e : Le programme Kebab+ propose un focus sur la d\u00e9tente. L\u2019apr\u00e8s-midi She Moves : focus sur les jeunes femmes, l\u2019espace, la confiance et le mouvement. Une journ\u00e9e pour s\u2019inspirer, renforcer ses ressources et d\u00e9couvrir des pratiques transf\u00e9rables.\" \/>\n<meta property=\"og:url\" content=\"https:\/\/www.kebabplus.ch\/fr\/journee-de-formation-2025\/\" \/>\n<meta property=\"og:site_name\" content=\"Kebabplus\" \/>\n<meta property=\"article:modified_time\" content=\"2025-10-29T17:00:00+00:00\" \/>\n<meta property=\"og:image\" content=\"https:\/\/www.kebabplus.ch\/wp-content\/uploads\/2020\/04\/kebab_favicon.png\" \/>\n\t<meta property=\"og:image:width\" content=\"500\" \/>\n\t<meta property=\"og:image:height\" content=\"500\" \/>\n\t<meta property=\"og:image:type\" content=\"image\/png\" \/>\n<meta name=\"twitter:card\" content=\"summary_large_image\" \/>\n<meta name=\"twitter:label1\" content=\"Dur\u00e9e de lecture estim\u00e9e\" \/>\n\t<meta name=\"twitter:data1\" content=\"3 minutes\" \/>\n<script type=\"application\/ld+json\" class=\"yoast-schema-graph\">{\"@context\":\"https:\/\/schema.org\",\"@graph\":[{\"@type\":\"WebPage\",\"@id\":\"https:\/\/www.kebabplus.ch\/fr\/journee-de-formation-2025\/\",\"url\":\"https:\/\/www.kebabplus.ch\/fr\/journee-de-formation-2025\/\",\"name\":\"SE D\u00c9TENDRE - cr\u00e9er des espaces pour souffler et bouger - Kebabplus\",\"isPartOf\":{\"@id\":\"https:\/\/www.kebabplus.ch\/fr\/#website\"},\"datePublished\":\"2025-07-15T07:00:00+00:00\",\"dateModified\":\"2025-10-29T17:00:00+00:00\",\"breadcrumb\":{\"@id\":\"https:\/\/www.kebabplus.ch\/fr\/journee-de-formation-2025\/#breadcrumb\"},\"inLanguage\":\"fr-FR\",\"potentialAction\":[{\"@type\":\"ReadAction\",\"target\":[\"https:\/\/www.kebabplus.ch\/fr\/journee-de-formation-2025\/\"]}]},{\"@type\":\"BreadcrumbList\",\"@id\":\"https:\/\/www.kebabplus.ch\/fr\/journee-de-formation-2025\/#breadcrumb\",\"itemListElement\":[{\"@type\":\"ListItem\",\"position\":1,\"name\":\"Home\",\"item\":\"https:\/\/www.kebabplus.ch\/fr\/\"},{\"@type\":\"ListItem\",\"position\":2,\"name\":\"SE D\u00c9TENDRE &#8211; cr\u00e9er des espaces pour souffler et bouger\"}]},{\"@type\":\"WebSite\",\"@id\":\"https:\/\/www.kebabplus.ch\/fr\/#website\",\"url\":\"https:\/\/www.kebabplus.ch\/fr\/\",\"name\":\"Kebabplus\",\"description\":\"Kochen, Essen, Begegnen, Ausspannen, Bewegen\",\"publisher\":{\"@id\":\"https:\/\/www.kebabplus.ch\/fr\/#organization\"},\"potentialAction\":[{\"@type\":\"SearchAction\",\"target\":{\"@type\":\"EntryPoint\",\"urlTemplate\":\"https:\/\/www.kebabplus.ch\/fr\/?s={search_term_string}\"},\"query-input\":\"required name=search_term_string\"}],\"inLanguage\":\"fr-FR\"},{\"@type\":\"Organization\",\"@id\":\"https:\/\/www.kebabplus.ch\/fr\/#organization\",\"name\":\"Kebabplus\",\"url\":\"https:\/\/www.kebabplus.ch\/fr\/\",\"logo\":{\"@type\":\"ImageObject\",\"inLanguage\":\"fr-FR\",\"@id\":\"https:\/\/www.kebabplus.ch\/fr\/#\/schema\/logo\/image\/\",\"url\":\"https:\/\/www.kebabplus.ch\/wp-content\/uploads\/2020\/04\/kebab_favicon.png\",\"contentUrl\":\"https:\/\/www.kebabplus.ch\/wp-content\/uploads\/2020\/04\/kebab_favicon.png\",\"width\":500,\"height\":500,\"caption\":\"Kebabplus\"},\"image\":{\"@id\":\"https:\/\/www.kebabplus.ch\/fr\/#\/schema\/logo\/image\/\"}}]}<\/script>\n<!-- \/ Yoast SEO plugin. -->","yoast_head_json":{"title":"SE D\u00c9TENDRE - cr\u00e9er des espaces pour souffler et bouger - Kebabplus","robots":{"index":"index","follow":"follow","max-snippet":"max-snippet:-1","max-image-preview":"max-image-preview:large","max-video-preview":"max-video-preview:-1"},"canonical":"https:\/\/www.kebabplus.ch\/fr\/journee-de-formation-2025\/","og_locale":"fr_FR","og_type":"article","og_title":"SE D\u00c9TENDRE - cr\u00e9er des espaces pour souffler et bouger - Kebabplus","og_description":"Journ\u00e9e de formation et de mise en r\u00e9seau sur la sant\u00e9 dans l\u2019animation socioculturelle enfance et jeunesse. En matin\u00e9e : Le programme Kebab+ propose un focus sur la d\u00e9tente. L\u2019apr\u00e8s-midi She Moves : focus sur les jeunes femmes, l\u2019espace, la confiance et le mouvement. Une journ\u00e9e pour s\u2019inspirer, renforcer ses ressources et d\u00e9couvrir des pratiques transf\u00e9rables.","og_url":"https:\/\/www.kebabplus.ch\/fr\/journee-de-formation-2025\/","og_site_name":"Kebabplus","article_modified_time":"2025-10-29T17:00:00+00:00","og_image":[{"width":500,"height":500,"url":"https:\/\/www.kebabplus.ch\/wp-content\/uploads\/2020\/04\/kebab_favicon.png","type":"image\/png"}],"twitter_card":"summary_large_image","twitter_misc":{"Dur\u00e9e de lecture estim\u00e9e":"3 minutes"},"schema":{"@context":"https:\/\/schema.org","@graph":[{"@type":"WebPage","@id":"https:\/\/www.kebabplus.ch\/fr\/journee-de-formation-2025\/","url":"https:\/\/www.kebabplus.ch\/fr\/journee-de-formation-2025\/","name":"SE D\u00c9TENDRE - cr\u00e9er des espaces pour souffler et bouger - Kebabplus","isPartOf":{"@id":"https:\/\/www.kebabplus.ch\/fr\/#website"},"datePublished":"2025-07-15T07:00:00+00:00","dateModified":"2025-10-29T17:00:00+00:00","breadcrumb":{"@id":"https:\/\/www.kebabplus.ch\/fr\/journee-de-formation-2025\/#breadcrumb"},"inLanguage":"fr-FR","potentialAction":[{"@type":"ReadAction","target":["https:\/\/www.kebabplus.ch\/fr\/journee-de-formation-2025\/"]}]},{"@type":"BreadcrumbList","@id":"https:\/\/www.kebabplus.ch\/fr\/journee-de-formation-2025\/#breadcrumb","itemListElement":[{"@type":"ListItem","position":1,"name":"Home","item":"https:\/\/www.kebabplus.ch\/fr\/"},{"@type":"ListItem","position":2,"name":"SE D\u00c9TENDRE &#8211; cr\u00e9er des espaces pour souffler et bouger"}]},{"@type":"WebSite","@id":"https:\/\/www.kebabplus.ch\/fr\/#website","url":"https:\/\/www.kebabplus.ch\/fr\/","name":"Kebabplus","description":"Kochen, Essen, Begegnen, Ausspannen, Bewegen","publisher":{"@id":"https:\/\/www.kebabplus.ch\/fr\/#organization"},"potentialAction":[{"@type":"SearchAction","target":{"@type":"EntryPoint","urlTemplate":"https:\/\/www.kebabplus.ch\/fr\/?s={search_term_string}"},"query-input":"required name=search_term_string"}],"inLanguage":"fr-FR"},{"@type":"Organization","@id":"https:\/\/www.kebabplus.ch\/fr\/#organization","name":"Kebabplus","url":"https:\/\/www.kebabplus.ch\/fr\/","logo":{"@type":"ImageObject","inLanguage":"fr-FR","@id":"https:\/\/www.kebabplus.ch\/fr\/#\/schema\/logo\/image\/","url":"https:\/\/www.kebabplus.ch\/wp-content\/uploads\/2020\/04\/kebab_favicon.png","contentUrl":"https:\/\/www.kebabplus.ch\/wp-content\/uploads\/2020\/04\/kebab_favicon.png","width":500,"height":500,"caption":"Kebabplus"},"image":{"@id":"https:\/\/www.kebabplus.ch\/fr\/#\/schema\/logo\/image\/"}}]}},"_links":{"self":[{"href":"https:\/\/www.kebabplus.ch\/fr\/wp-json\/wp\/v2\/pages\/2121"}],"collection":[{"href":"https:\/\/www.kebabplus.ch\/fr\/wp-json\/wp\/v2\/pages"}],"about":[{"href":"https:\/\/www.kebabplus.ch\/fr\/wp-json\/wp\/v2\/types\/page"}],"author":[{"embeddable":true,"href":"https:\/\/www.kebabplus.ch\/fr\/wp-json\/wp\/v2\/users\/2"}],"replies":[{"embeddable":true,"href":"https:\/\/www.kebabplus.ch\/fr\/wp-json\/wp\/v2\/comments?post=2121"}],"version-history":[{"count":33,"href":"https:\/\/www.kebabplus.ch\/fr\/wp-json\/wp\/v2\/pages\/2121\/revisions"}],"predecessor-version":[{"id":4051,"href":"https:\/\/www.kebabplus.ch\/fr\/wp-json\/wp\/v2\/pages\/2121\/revisions\/4051"}],"wp:attachment":[{"href":"https:\/\/www.kebabplus.ch\/fr\/wp-json\/wp\/v2\/media?parent=2121"}],"curies":[{"name":"wp","href":"https:\/\/api.w.org\/{rel}","templated":true}]}}